{"id":900,"date":"2020-01-15T10:31:07","date_gmt":"2020-01-15T13:31:07","guid":{"rendered":"http:\/\/diamundialdocancer.femama.org.br\/2020\/?page_id=900"},"modified":"2020-01-15T10:59:26","modified_gmt":"2020-01-15T13:59:26","slug":"diagnostico-precoce","status":"publish","type":"page","link":"https:\/\/diamundialdocancer.femama.org.br\/2020\/cancer\/diagnostico-precoce\/","title":{"rendered":"Diagn\u00f3stico Precoce"},"content":{"rendered":"\n<p>O c\u00e2ncer \u00e9 uma muta\u00e7\u00e3o gen\u00e9tica aleat\u00f3ria no DNA da c\u00e9lula que n\u00e3o \u00e9 poss\u00edvel prevenir. Apesar de existirem diversas atitudes que voc\u00ea pode tomar para que diminuir o risco de ter c\u00e2ncer, elas apenas diminuem as chances, n\u00e3o garantem que a doen\u00e7a n\u00e3o vai aparecer durante a sua vida. Por isso, \u00e9 sempre importante que a sua carteirinha de vacina\u00e7\u00e3o esteja em dia e todos os seus exames de rotina tamb\u00e9m. <\/p>\n\n\n\n<p>No caso do c\u00e2ncer de mama, o tumor, nos est\u00e1gios iniciais da doen\u00e7a, <a rel=\"noreferrer noopener\" aria-label=\"n\u00e3o \u00e9 identific\u00e1vel pelo toque (abre numa nova aba)\" href=\"https:\/\/www.femama.org.br\/2018\/br\/cancer-de-mama\/interna\/sintomas-e-diagnostico-precoce-do-cancer-de-mama\" target=\"_blank\"><span style=\"text-decoration: underline;\">n\u00e3o \u00e9 identific\u00e1vel pelo toque<\/span><\/a>. Somente um exame de imagem &#8211; como a mamografia ou o ultrassom, por exemplo &#8211; podem identific\u00e1-lo a tempo. Se descoberto nos est\u00e1gios iniciais, a doen\u00e7a tem at\u00e9 95% de chances de cura. Esse n\u00famero vai caindo conforme a doen\u00e7a avan\u00e7a. Esteja com seus exames em dia e cuide da sua sa\u00fade!<\/p>\n\n\n\n<div style=\"height:30px\" aria-hidden=\"true\" class=\"wp-block-spacer\"><\/div>\n\n\n\n<div class=\"wp-block-button aligncenter\"><a class=\"wp-block-button__link has-background has-luminous-vivid-orange-background-color\" href=\"https:\/\/www.femama.org.br\/2018\/br\/cancer-de-mama\/interna\/cancer-de-mama-entenda-as-diferencas-entre-prevencao-e-deteccao-precoce\">Saiba mais<\/a><\/div>\n\n\n\n<div style=\"height:30px\" aria-hidden=\"true\" class=\"wp-block-spacer\"><\/div>\n\n\n\n<div style=\"height:50px\" aria-hidden=\"true\" class=\"wp-block-spacer\"><\/div>\n","protected":false},"excerpt":{"rendered":"<p>O c\u00e2ncer \u00e9 uma muta\u00e7\u00e3o gen\u00e9tica aleat\u00f3ria no DNA da c\u00e9lula que n\u00e3o \u00e9 poss\u00edvel prevenir. Apesar de existirem diversas atitudes que voc\u00ea pode tomar para que diminuir o risco de ter c\u00e2ncer, elas apenas diminuem as chances, n\u00e3o garantem que a doen\u00e7a n\u00e3o vai aparecer durante a sua vida. Por isso, \u00e9 sempre importante [&hellip;]<\/p>\n","protected":false},"author":1,"featured_media":0,"parent":436,"menu_order":0,"comment_status":"closed","ping_status":"closed","template":"","meta":[],"_links":{"self":[{"href":"https:\/\/diamundialdocancer.femama.org.br\/2020\/wp-json\/wp\/v2\/pages\/900"}],"collection":[{"href":"https:\/\/diamundialdocancer.femama.org.br\/2020\/wp-json\/wp\/v2\/pages"}],"about":[{"href":"https:\/\/diamundialdocancer.femama.org.br\/2020\/wp-json\/wp\/v2\/types\/page"}],"author":[{"embeddable":true,"href":"https:\/\/diamundialdocancer.femama.org.br\/2020\/wp-json\/wp\/v2\/users\/1"}],"replies":[{"embeddable":true,"href":"https:\/\/diamundialdocancer.femama.org.br\/2020\/wp-json\/wp\/v2\/comments?post=900"}],"version-history":[{"count":7,"href":"https:\/\/diamundialdocancer.femama.org.br\/2020\/wp-json\/wp\/v2\/pages\/900\/revisions"}],"predecessor-version":[{"id":910,"href":"https:\/\/diamundialdocancer.femama.org.br\/2020\/wp-json\/wp\/v2\/pages\/900\/revisions\/910"}],"up":[{"embeddable":true,"href":"https:\/\/diamundialdocancer.femama.org.br\/2020\/wp-json\/wp\/v2\/pages\/436"}],"wp:attachment":[{"href":"https:\/\/diamundialdocancer.femama.org.br\/2020\/wp-json\/wp\/v2\/media?parent=900"}],"curies":[{"name":"wp","href":"https:\/\/api.w.org\/{rel}","templated":true}]}}