{"id":87,"date":"2020-01-01T03:59:00","date_gmt":"2020-01-01T06:59:00","guid":{"rendered":"http:\/\/demo.themegrill.com\/radiate\/?page_id=87"},"modified":"2020-01-15T14:42:31","modified_gmt":"2020-01-15T17:42:31","slug":"campanha","status":"publish","type":"page","link":"https:\/\/diamundialdocancer.femama.org.br\/2020\/campanha\/","title":{"rendered":"4 de fevereiro: Dia Mundial do C\u00e2ncer"},"content":{"rendered":"\n<div style=\"height:50px\" aria-hidden=\"true\" class=\"wp-block-spacer\"><\/div>\n\n\n\n<p>O mundo todo se une no dia <strong>4 de fevereiro<\/strong> para celebrar o Dia Mundial do C\u00e2ncer e combater os impactos globais da doen\u00e7a. A <strong><a href=\"http:\/\/www.femama.org.br\">FEMAMA<\/a><\/strong> \u00e9 membro da <strong><a rel=\"noreferrer noopener\" aria-label=\"UICC (abre em uma nova aba)\" href=\"http:\/\/www.uicc.org\/\" target=\"_blank\">UICC,&nbsp;<\/a><\/strong>institui\u00e7\u00e3o criadora da data, e envolve o Brasil na mobiliza\u00e7\u00e3o global.  <\/p>\n\n\n\n<div class=\"wp-block-media-text alignwide has-media-on-the-right is-stacked-on-mobile\"><figure class=\"wp-block-media-text__media\"><img decoding=\"async\" loading=\"lazy\" width=\"1024\" height=\"920\" src=\"http:\/\/diamundialdocancer.femama.org.br\/2020\/wp-content\/uploads\/sites\/3\/2019\/01\/WCD19-21-Logo-Theme-Orange-Screen-BRAZIL-PORTUGUESE-1024x920.png\" alt=\"\" class=\"wp-image-267\" srcset=\"https:\/\/diamundialdocancer.femama.org.br\/2020\/wp-content\/uploads\/sites\/3\/2019\/01\/WCD19-21-Logo-Theme-Orange-Screen-BRAZIL-PORTUGUESE-1024x920.png 1024w, https:\/\/diamundialdocancer.femama.org.br\/2020\/wp-content\/uploads\/sites\/3\/2019\/01\/WCD19-21-Logo-Theme-Orange-Screen-BRAZIL-PORTUGUESE-300x270.png 300w, https:\/\/diamundialdocancer.femama.org.br\/2020\/wp-content\/uploads\/sites\/3\/2019\/01\/WCD19-21-Logo-Theme-Orange-Screen-BRAZIL-PORTUGUESE-768x690.png 768w\" sizes=\"(max-width: 1024px) 100vw, 1024px\" \/><\/figure><div class=\"wp-block-media-text__content\">\n<p>A campanha trienal &#8220;<strong><a href=\"https:\/\/www.worldcancerday.org\/pt-br\" target=\"_blank\" rel=\"noreferrer noopener\" aria-label=\"Eu Sou e Eu Vou (abre numa nova aba)\">Eu Sou e Eu Vou<\/a><\/strong>\u201d representa o poder de a\u00e7\u00f5es tomadas no presente que podem impactar o futuro.&nbsp;Seja voc\u00ea quem for, voc\u00ea tem o poder de reduzir o impacto do c\u00e2ncer sobre voc\u00ea, sobre as pessoas ao seu redor, sobre a sua comunidade e sobre o mundo. <strong>\u00c9 hora de se engajar e se comprometer. <\/strong><\/p>\n<\/div><\/div>\n\n\n\n<p>Na edi\u00e7\u00e3o de 2020, a <strong>FEMAMA <\/strong>convida voc\u00ea a realizar uma avalia\u00e7\u00e3o da sua rotina di\u00e1ria. O que est\u00e1 ao seu alcance para reduzir o impacto do c\u00e2ncer? Envolva-se na campanha por meio de atitudes, sejam elas grandes ou pequenas, que tenham como objetivo a redu\u00e7\u00e3o de risco de c\u00e2ncer e o diagn\u00f3stico precoce. Neste Dia Mundial do C\u00e2ncer, quem \u00e9 voc\u00ea? Como voc\u00ea pode reduzir o impacto do c\u00e2ncer no Brasil?<\/p>\n\n\n\n<div style=\"height:30px\" aria-hidden=\"true\" class=\"wp-block-spacer\"><\/div>\n\n\n\n<div class=\"wp-block-button aligncenter is-style-default\"><a class=\"wp-block-button__link has-text-color has-very-light-gray-color has-background\" href=\"http:\/\/diamundialdocancer.femama.org.br\/2020\/engaje-se\/\" style=\"background-color:#ff7f4d\">Engaje-se!<\/a><\/div>\n\n\n\n<div style=\"height:30px\" aria-hidden=\"true\" class=\"wp-block-spacer\"><\/div>\n\n\n\n<div style=\"height:50px\" aria-hidden=\"true\" class=\"wp-block-spacer\"><\/div>\n\n\n\n<hr class=\"wp-block-separator is-style-wide\"\/>\n\n\n\n<p style=\"color:#ea3591\" class=\"has-text-color has-text-align-center has-medium-font-size\"><strong>#EuSouEEuVou #DiaMundialdoC\u00e2ncer #FEMAMA<\/strong><\/p>\n\n\n\n<hr class=\"wp-block-separator\"\/>\n\n\n\n<div style=\"height:50px\" aria-hidden=\"true\" class=\"wp-block-spacer\"><\/div>\n\n\n\n<p class=\"has-text-align-center has-large-font-size\"><strong>A&nbsp;FEMAMA<\/strong><\/p>\n\n\n\n<div class=\"wp-block-media-text alignwide\" style=\"grid-template-columns:26% auto\"><figure class=\"wp-block-media-text__media\"><img decoding=\"async\" loading=\"lazy\" width=\"932\" height=\"707\" src=\"http:\/\/diamundialdocancer.femama.org.br\/2020\/wp-content\/uploads\/sites\/3\/2019\/01\/Logotipo-Femama-positivo.png\" alt=\"\" class=\"wp-image-406\" srcset=\"https:\/\/diamundialdocancer.femama.org.br\/2020\/wp-content\/uploads\/sites\/3\/2019\/01\/Logotipo-Femama-positivo.png 932w, https:\/\/diamundialdocancer.femama.org.br\/2020\/wp-content\/uploads\/sites\/3\/2019\/01\/Logotipo-Femama-positivo-300x228.png 300w, https:\/\/diamundialdocancer.femama.org.br\/2020\/wp-content\/uploads\/sites\/3\/2019\/01\/Logotipo-Femama-positivo-768x583.png 768w\" sizes=\"(max-width: 932px) 100vw, 932px\" \/><\/figure><div class=\"wp-block-media-text__content\">\n<p class=\"has-normal-font-size\">A <strong><a href=\"http:\/\/www.femama.org.br\/\">FEMAMA &#8211; Federa\u00e7\u00e3o Brasileira de Institui\u00e7\u00f5es Filantr\u00f3picas de Apoio \u00e0 Sa\u00fade da Mama<\/a><\/strong> \u00e9 uma associa\u00e7\u00e3o civil, sem fins econ\u00f4micos, que busca ampliar o acesso \u00e1gil e adequado ao diagn\u00f3stico e ao tratamento do c\u00e2ncer de mama para todas as pacientes e, com isso, reduzir os \u00edndices de mortalidade pela doen\u00e7a no Brasil. Est\u00e1 presente na maioria dos estados brasileiros por meio de ONGs associadas, atuando na articula\u00e7\u00e3o de uma agenda nacional \u00fanica para influenciar a cria\u00e7\u00e3o de pol\u00edticas p\u00fablicas de aten\u00e7\u00e3o \u00e0 sa\u00fade da mama.  <\/p>\n<\/div><\/div>\n\n\n\n<div style=\"height:50px\" aria-hidden=\"true\" class=\"wp-block-spacer\"><\/div>\n","protected":false},"excerpt":{"rendered":"<p>O mundo todo se une no dia 4 de fevereiro para celebrar o Dia Mundial do C\u00e2ncer e combater os impactos globais da doen\u00e7a. A FEMAMA \u00e9 membro da UICC,&nbsp;institui\u00e7\u00e3o criadora da data, e envolve o Brasil na mobiliza\u00e7\u00e3o global. A campanha trienal &#8220;Eu Sou e Eu Vou\u201d representa o poder de a\u00e7\u00f5es tomadas no [&hellip;]<\/p>\n","protected":false},"author":1,"featured_media":942,"parent":0,"menu_order":0,"comment_status":"closed","ping_status":"open","template":"","meta":[],"_links":{"self":[{"href":"https:\/\/diamundialdocancer.femama.org.br\/2020\/wp-json\/wp\/v2\/pages\/87"}],"collection":[{"href":"https:\/\/diamundialdocancer.femama.org.br\/2020\/wp-json\/wp\/v2\/pages"}],"about":[{"href":"https:\/\/diamundialdocancer.femama.org.br\/2020\/wp-json\/wp\/v2\/types\/page"}],"author":[{"embeddable":true,"href":"https:\/\/diamundialdocancer.femama.org.br\/2020\/wp-json\/wp\/v2\/users\/1"}],"replies":[{"embeddable":true,"href":"https:\/\/diamundialdocancer.femama.org.br\/2020\/wp-json\/wp\/v2\/comments?post=87"}],"version-history":[{"count":52,"href":"https:\/\/diamundialdocancer.femama.org.br\/2020\/wp-json\/wp\/v2\/pages\/87\/revisions"}],"predecessor-version":[{"id":858,"href":"https:\/\/diamundialdocancer.femama.org.br\/2020\/wp-json\/wp\/v2\/pages\/87\/revisions\/858"}],"wp:featuredmedia":[{"embeddable":true,"href":"https:\/\/diamundialdocancer.femama.org.br\/2020\/wp-json\/wp\/v2\/media\/942"}],"wp:attachment":[{"href":"https:\/\/diamundialdocancer.femama.org.br\/2020\/wp-json\/wp\/v2\/media?parent=87"}],"curies":[{"name":"wp","href":"https:\/\/api.w.org\/{rel}","templated":true}]}}