{"id":436,"date":"2019-01-16T16:42:43","date_gmt":"2019-01-16T18:42:43","guid":{"rendered":"http:\/\/diamundialdocancer.femama.org.br\/2020\/?page_id=436"},"modified":"2020-01-15T14:12:39","modified_gmt":"2020-01-15T17:12:39","slug":"cancer","status":"publish","type":"page","link":"https:\/\/diamundialdocancer.femama.org.br\/2020\/cancer\/","title":{"rendered":"Sobre a doen\u00e7a"},"content":{"rendered":"\n<div style=\"height:50px\" aria-hidden=\"true\" class=\"wp-block-spacer\"><\/div>\n\n\n\n<p><strong>O QUE \u00c9 C\u00c2NCER? <\/strong>Todo o nosso corpo \u00e9 composto de c\u00e9lulas. Cada c\u00e9lula se divide, se multiplica e morre automaticamente durante toda a nossa vida, para que as mais jovens substituam as mais antigas ou as comprometidas, no caso de um corte superficial na pele, por exemplo. A doen\u00e7a conhecida genericamente como c\u00e2ncer acontece quando, ap\u00f3s uma muta\u00e7\u00e3o gen\u00e9tica aleat\u00f3ria no DNA da c\u00e9lula, faz com que ela se divida e se multiplique desenfreadamente. A consequ\u00eancia disto \u00e9 um tecido, ou seja, um conjunto de c\u00e9lulas, que n\u00e3o devia estar ali. Chamamos esse tecido de tumor. Entretanto, nem todo tumor \u00e9 um c\u00e2ncer, pois existem os tumores benignos e os malignos. Os benignos apresentam crescimento celular de forma ordenada e lenta, com limites bem estabelecidos. Os malignos, aqueles que chamamos de c\u00e2ncer, simplesmente n\u00e3o sabem a hora de parar.<\/p>\n\n\n\n<div style=\"height:50px\" aria-hidden=\"true\" class=\"wp-block-spacer\"><\/div>\n\n\n\n<div class=\"wp-block-button aligncenter\"><a class=\"wp-block-button__link has-background has-luminous-vivid-orange-background-color\" href=\"https:\/\/www.worldcancerday.org\/pt-br\/o-que-e-o-cancer\" target=\"_blank\" rel=\"noreferrer noopener\">Saiba mais<\/a><\/div>\n\n\n\n<div style=\"height:50px\" aria-hidden=\"true\" class=\"wp-block-spacer\"><\/div>\n\n\n\n<p><strong>O QUE \u00c9 C\u00c2NCER DE MAMA? <\/strong> O c\u00e2ncer de mama se d\u00e1 quando esse processo acontece na regi\u00e3o das mamas, tanto da mulher quanto do homem. Diferente das c\u00e9lulas da mama sadias, que crescem, d\u00e3o origem a novas e morrem, as c\u00e9lulas mam\u00e1rias doentes n\u00e3o morrem e nem d\u00e3o lugar a outras saud\u00e1veis, invadindo e prejudicando o \u00f3rg\u00e3o e os tecidos da regi\u00e3o. O sistema imunol\u00f3gico tenta reagir e combater as c\u00e9lulas doentes, mas \u00e9 ineficiente, dada a velocidade com que se multiplicam. <\/p>\n\n\n\n<div style=\"height:50px\" aria-hidden=\"true\" class=\"wp-block-spacer\"><\/div>\n\n\n\n<figure class=\"wp-block-image size-large\"><img decoding=\"async\" loading=\"lazy\" width=\"1024\" height=\"724\" src=\"http:\/\/diamundialdocancer.femama.org.br\/2020\/wp-content\/uploads\/sites\/3\/2020\/01\/Femama_cenario_brasil-1024x724.png\" alt=\"\" class=\"wp-image-884\" srcset=\"https:\/\/diamundialdocancer.femama.org.br\/2020\/wp-content\/uploads\/sites\/3\/2020\/01\/Femama_cenario_brasil-1024x724.png 1024w, https:\/\/diamundialdocancer.femama.org.br\/2020\/wp-content\/uploads\/sites\/3\/2020\/01\/Femama_cenario_brasil-300x212.png 300w, https:\/\/diamundialdocancer.femama.org.br\/2020\/wp-content\/uploads\/sites\/3\/2020\/01\/Femama_cenario_brasil-768x543.png 768w, https:\/\/diamundialdocancer.femama.org.br\/2020\/wp-content\/uploads\/sites\/3\/2020\/01\/Femama_cenario_brasil-1536x1086.png 1536w, https:\/\/diamundialdocancer.femama.org.br\/2020\/wp-content\/uploads\/sites\/3\/2020\/01\/Femama_cenario_brasil-2048x1448.png 2048w\" sizes=\"(max-width: 1024px) 100vw, 1024px\" \/><figcaption>FEMAMA\/Reprodu\u00e7\u00e3o<\/figcaption><\/figure>\n\n\n\n<div style=\"height:30px\" aria-hidden=\"true\" class=\"wp-block-spacer\"><\/div>\n\n\n\n<div class=\"wp-block-button aligncenter\"><a class=\"wp-block-button__link has-background has-luminous-vivid-orange-background-color\" href=\"https:\/\/www.femama.org.br\/2018\/br\/noticia\/o-cancer-de-mama-em-numeros\" target=\"_blank\" rel=\"noreferrer noopener\">Saiba mais sobre c\u00e2ncer de mama<\/a><\/div>\n\n\n\n<div style=\"height:50px\" aria-hidden=\"true\" class=\"wp-block-spacer\"><\/div>\n","protected":false},"excerpt":{"rendered":"<p>O QUE \u00c9 C\u00c2NCER? Todo o nosso corpo \u00e9 composto de c\u00e9lulas. Cada c\u00e9lula se divide, se multiplica e morre automaticamente durante toda a nossa vida, para que as mais jovens substituam as mais antigas ou as comprometidas, no caso de um corte superficial na pele, por exemplo. A doen\u00e7a conhecida genericamente como c\u00e2ncer acontece [&hellip;]<\/p>\n","protected":false},"author":1,"featured_media":0,"parent":0,"menu_order":0,"comment_status":"closed","ping_status":"closed","template":"","meta":[],"_links":{"self":[{"href":"https:\/\/diamundialdocancer.femama.org.br\/2020\/wp-json\/wp\/v2\/pages\/436"}],"collection":[{"href":"https:\/\/diamundialdocancer.femama.org.br\/2020\/wp-json\/wp\/v2\/pages"}],"about":[{"href":"https:\/\/diamundialdocancer.femama.org.br\/2020\/wp-json\/wp\/v2\/types\/page"}],"author":[{"embeddable":true,"href":"https:\/\/diamundialdocancer.femama.org.br\/2020\/wp-json\/wp\/v2\/users\/1"}],"replies":[{"embeddable":true,"href":"https:\/\/diamundialdocancer.femama.org.br\/2020\/wp-json\/wp\/v2\/comments?post=436"}],"version-history":[{"count":35,"href":"https:\/\/diamundialdocancer.femama.org.br\/2020\/wp-json\/wp\/v2\/pages\/436\/revisions"}],"predecessor-version":[{"id":935,"href":"https:\/\/diamundialdocancer.femama.org.br\/2020\/wp-json\/wp\/v2\/pages\/436\/revisions\/935"}],"wp:attachment":[{"href":"https:\/\/diamundialdocancer.femama.org.br\/2020\/wp-json\/wp\/v2\/media?parent=436"}],"curies":[{"name":"wp","href":"https:\/\/api.w.org\/{rel}","templated":true}]}}