{"id":362,"date":"2019-01-15T17:02:30","date_gmt":"2019-01-15T19:02:30","guid":{"rendered":"http:\/\/diamundialdocancer.femama.org.br\/2020\/?page_id=362"},"modified":"2020-01-15T14:48:00","modified_gmt":"2020-01-15T17:48:00","slug":"crie-seu-video","status":"publish","type":"page","link":"https:\/\/diamundialdocancer.femama.org.br\/2020\/engaje-se\/crie-seu-video\/","title":{"rendered":"V\u00eddeo &#8220;Eu Sou e Eu Vou&#8221;"},"content":{"rendered":"\n<p>Na campanha do Dia Mundial do C\u00e2ncer 2020, a FEMAMA est\u00e1 encorajando todas as pessoas a produzirem v\u00eddeos curtos contando de que forma voc\u00ea ir\u00e1 reduzir a chance de ter c\u00e2ncer ou trabalhar\u00e1 para diminuir a carga do c\u00e2ncer no mundo.<\/p>\n\n\n\n<p>O poder de a\u00e7\u00f5es tomadas no presente podem impactar diretamente o futuro. Seja voc\u00ea quem for, voc\u00ea tem o poder de reduzir o impacto do c\u00e2ncer sobre voc\u00ea, sobre as pessoas ao seu redor, sobre a sua comunidade e sobre o mundo. <strong>Usando o tema da campanha \u201cEu Sou e Eu Vou\u201d, voc\u00ea pode se expressar livremente.<\/strong><\/p>\n\n\n\n<p>Voc\u00ea faz exerc\u00edcios regularmente? Ent\u00e3o diga <strong>\u201cEu Sou o Jo\u00e3o e Vou fazer exerc\u00edcios todos os dias!\u201d<\/strong>. Ou voc\u00ea \u00e9 uma ONG e cuida de pacientes? Ent\u00e3o solte o verbo: <strong>\u201cEu sou uma ONG e vou lutar pelo diagn\u00f3stico precoce em at\u00e9 30 dias!\u201d<\/strong>. Seja criativo!<\/p>\n\n\n\n<p>Se precisar de um incentivo, use o <a rel=\"noreferrer noopener\" aria-label=\"Filtro de Her\u00f3i da UICC (abre numa nova aba)\" href=\"https:\/\/www.facebook.com\/fbcameraeffects\/tryit\/373712126530952\" target=\"_blank\"><span style=\"text-decoration: underline;\"><strong>Filtro de Her\u00f3i da UICC<\/strong><\/span><\/a> para a c\u00e2mera do Facebook. A ferramenta celebra o poder de cada pessoa de causar um impacto positivo. O tema \u201cEu Sou e Eu Vou\u201d apela para que o her\u00f3i em todos n\u00f3s aja. Use o filtro e divulgue a mensagem da campanha. <\/p>\n\n\n\n<div style=\"height:30px\" aria-hidden=\"true\" class=\"wp-block-spacer\"><\/div>\n\n\n\n<p class=\"has-text-align-center\">Sugest\u00e3o do que falar no v\u00eddeo: <\/p>\n\n\n\n<p class=\"has-text-align-center\"><em>Eu sou<strong> [UM CIDAD\u00c3O \/ UM PACIENTE \/ UMA ONG \/ SEU NOME] <\/strong>e eu vou<strong> [O QUE VOC\u00ca VAI FAZER PARA REDUZIR O RISCO DE TER C\u00c2NCER \/ COMO VOC\u00ca PODE CONTRIBUIR PARA DIMINUIR O IMPACTO DO C\u00c2NCER NO MUNDO].<\/strong><\/em><\/p>\n\n\n\n<div style=\"height:30px\" aria-hidden=\"true\" class=\"wp-block-spacer\"><\/div>\n\n\n\n<p>Veja o exemplo da Dra. Maira Caleffi, presidente volunt\u00e1ria da FEMAMA:<\/p>\n\n\n\n<div style=\"height:20px\" aria-hidden=\"true\" class=\"wp-block-spacer\"><\/div>\n\n\n\n<figure class=\"wp-block-video aligncenter\"><video controls src=\"http:\/\/diamundialdocancer.femama.org.br\/2020\/wp-content\/uploads\/sites\/3\/2019\/01\/V\u00eddeo-Dra.-Maira-Filtro-Super-Her\u00f3i-480p.mp4\"><\/video><\/figure>\n\n\n\n<div style=\"height:30px\" aria-hidden=\"true\" class=\"wp-block-spacer\"><\/div>\n\n\n\n<p> <strong>Para voc\u00ea gravar o v\u00eddeo, voc\u00ea precisar\u00e1<\/strong>:<br><\/p>\n\n\n\n<ul><li>Um celular com c\u00e2mera e com o sistema operacional iOS ou Android; <strong>e<\/strong><\/li><li>O aplicativo nativo da c\u00e2mera do seu celular; <strong>ou<\/strong><\/li><li>O aplicativo do Facebook instalado em seu telefone (caso queira utilizar o Filtro do Her\u00f3i).<\/li><\/ul>\n\n\n\n<div style=\"height:30px\" aria-hidden=\"true\" class=\"wp-block-spacer\"><\/div>\n\n\n\n<p><strong>Siga esses passos para gravar o seu v\u00eddeo<\/strong>:<\/p>\n\n\n\n<ol><li>Acesse o aplicativo da c\u00e2mera em seu celular; <\/li><li>Grave o v\u00eddeo com a sugest\u00e3o de texto acima ou fique livre para criar a sua pr\u00f3pria mensagem de apoio!<\/li><li>Publique-a no Facebook, no Instagram e\/ou no Twitter como uma postagem ou story com as hashtags oficiais da campanha <strong>#DiaMundialdoC\u00e2ncer #EuSouEEuVou #FEMAMA<\/strong>;<\/li><li>Salve seu v\u00eddeo na galeria do celular e compartilhe via WhatsApp, Telegram, por e-mail, poste no YouTube\u2026<\/li><li>Pronto! Dessa forma, voc\u00ea levou a mensagem do Dia Mundial do C\u00e2ncer adiante! <\/li><\/ol>\n\n\n\n<div style=\"height:30px\" aria-hidden=\"true\" class=\"wp-block-spacer\"><\/div>\n\n\n\n<p><strong>Siga esses passos para gravar um v\u00eddeo ou tirar um foto usando o Filtro do Her\u00f3i:<\/strong><\/p>\n\n\n\n<ol><li>Acesse: <a href=\"https:\/\/www.facebook.com\/fbcameraeffects\/tryit\/373712126530952\">https:\/\/www.facebook.com\/fbcameraeffects\/tryit\/373712126530952<\/a> <\/li><li>Voc\u00ea receber\u00e1 uma notifica\u00e7\u00e3o no seu celular para abrir o filtro no Facebook;<\/li><li>Crie sua foto ou v\u00eddeo com o filtro de super-her\u00f3i e compartilhe sua mensagem da campanha (<strong>Dica 1<\/strong>: levante as sobrancelhas para mudar e testar todas as m\u00e1scaras! <strong>Dica 2<\/strong>: escolha um fundo que d\u00ea contraste com o texto que ser\u00e1 escrito na cor branca);<\/li><li> Publique-a no Facebook, no Instagram e\/ou no Twitter como uma postagem ou story com as hashtags oficiais da campanha <strong>#DiaMundialdoC\u00e2ncer #EuSouEEuVou #FEMAMA<\/strong>;<\/li><li> Salve seu v\u00eddeo ou sua foto na galeria do celular e compartilhe via WhatsApp, Telegram, por e-mail, poste no YouTube\u2026<\/li><li> Sentindo-se corajoso? Voc\u00ea pode at\u00e9 mesmo fazer uma transmiss\u00e3o ao vivo no Facebook com o filtro;<\/li><li>Uma m\u00e1scara \u00e9 pouco? Experimente as tr\u00eas op\u00e7\u00f5es de m\u00e1scaras e compartilhe uma vers\u00e3o de cada! <\/li><li> Pronto! Dessa forma, voc\u00ea levou a mensagem do Dia Mundial do C\u00e2ncer adiante!  <\/li><\/ol>\n\n\n\n<div style=\"height:30px\" aria-hidden=\"true\" class=\"wp-block-spacer\"><\/div>\n\n\n\n<p><\/p>\n","protected":false},"excerpt":{"rendered":"<p>Na campanha do Dia Mundial do C\u00e2ncer 2020, a FEMAMA est\u00e1 encorajando todas as pessoas a produzirem v\u00eddeos curtos contando de que forma voc\u00ea ir\u00e1 reduzir a chance de ter c\u00e2ncer ou trabalhar\u00e1 para diminuir a carga do c\u00e2ncer no mundo. O poder de a\u00e7\u00f5es tomadas no presente podem impactar diretamente o futuro. Seja voc\u00ea [&hellip;]<\/p>\n","protected":false},"author":1,"featured_media":944,"parent":323,"menu_order":0,"comment_status":"closed","ping_status":"closed","template":"","meta":[],"_links":{"self":[{"href":"https:\/\/diamundialdocancer.femama.org.br\/2020\/wp-json\/wp\/v2\/pages\/362"}],"collection":[{"href":"https:\/\/diamundialdocancer.femama.org.br\/2020\/wp-json\/wp\/v2\/pages"}],"about":[{"href":"https:\/\/diamundialdocancer.femama.org.br\/2020\/wp-json\/wp\/v2\/types\/page"}],"author":[{"embeddable":true,"href":"https:\/\/diamundialdocancer.femama.org.br\/2020\/wp-json\/wp\/v2\/users\/1"}],"replies":[{"embeddable":true,"href":"https:\/\/diamundialdocancer.femama.org.br\/2020\/wp-json\/wp\/v2\/comments?post=362"}],"version-history":[{"count":48,"href":"https:\/\/diamundialdocancer.femama.org.br\/2020\/wp-json\/wp\/v2\/pages\/362\/revisions"}],"predecessor-version":[{"id":919,"href":"https:\/\/diamundialdocancer.femama.org.br\/2020\/wp-json\/wp\/v2\/pages\/362\/revisions\/919"}],"up":[{"embeddable":true,"href":"https:\/\/diamundialdocancer.femama.org.br\/2020\/wp-json\/wp\/v2\/pages\/323"}],"wp:featuredmedia":[{"embeddable":true,"href":"https:\/\/diamundialdocancer.femama.org.br\/2020\/wp-json\/wp\/v2\/media\/944"}],"wp:attachment":[{"href":"https:\/\/diamundialdocancer.femama.org.br\/2020\/wp-json\/wp\/v2\/media?parent=362"}],"curies":[{"name":"wp","href":"https:\/\/api.w.org\/{rel}","templated":true}]}}