{"id":323,"date":"2019-01-15T14:58:29","date_gmt":"2019-01-15T16:58:29","guid":{"rendered":"http:\/\/diamundialdocancer.femama.org.br\/2020\/?page_id=323"},"modified":"2020-01-15T14:45:58","modified_gmt":"2020-01-15T17:45:58","slug":"engaje-se","status":"publish","type":"page","link":"https:\/\/diamundialdocancer.femama.org.br\/2020\/engaje-se\/","title":{"rendered":"Engaje-se"},"content":{"rendered":"\n<p>Neste Dia Mundial do C\u00e2ncer, a <a rel=\"noreferrer noopener\" aria-label=\"FEMAMA (abre numa nova aba)\" href=\"http:\/\/www.femama.org.br\" target=\"_blank\"><strong><span style=\"text-decoration: underline;\">FEMAMA<\/span><\/strong><\/a> chama \u00e0 aten\u00e7\u00e3o para a redu\u00e7\u00e3o de risco da doen\u00e7a e ao diagn\u00f3stico precoce.<\/p>\n\n\n\n<div style=\"height:30px\" aria-hidden=\"true\" class=\"wp-block-spacer\"><\/div>\n\n\n\n<div class=\"wp-block-image\"><figure class=\"aligncenter size-large\"><img decoding=\"async\" loading=\"lazy\" width=\"905\" height=\"581\" src=\"http:\/\/diamundialdocancer.femama.org.br\/2020\/wp-content\/uploads\/sites\/3\/2019\/01\/redu\u00e7\u00e3o-de-risco.png\" alt=\"\" class=\"wp-image-440\" srcset=\"https:\/\/diamundialdocancer.femama.org.br\/2020\/wp-content\/uploads\/sites\/3\/2019\/01\/redu\u00e7\u00e3o-de-risco.png 905w, https:\/\/diamundialdocancer.femama.org.br\/2020\/wp-content\/uploads\/sites\/3\/2019\/01\/redu\u00e7\u00e3o-de-risco-300x193.png 300w, https:\/\/diamundialdocancer.femama.org.br\/2020\/wp-content\/uploads\/sites\/3\/2019\/01\/redu\u00e7\u00e3o-de-risco-768x493.png 768w\" sizes=\"(max-width: 905px) 100vw, 905px\" \/><\/figure><\/div>\n\n\n\n<div style=\"height:30px\" aria-hidden=\"true\" class=\"wp-block-spacer\"><\/div>\n\n\n\n<p><strong>Conhe\u00e7a o seu corpo, fique atento aos sinais e perceba altera\u00e7\u00f5es, no primeiro sinal de alerta, busque orienta\u00e7\u00e3o m\u00e9dica para realizar um diagn\u00f3stico precoce. <\/strong><\/p>\n\n\n\n<p>Quanto mais cedo a doen\u00e7a for diagnosticada, maiores s\u00e3o as chances de cura. Participe da campanha global e engaje-se pela redu\u00e7\u00e3o de casos de c\u00e2ncer no mundo. Qual ser\u00e1 a sua atitude? <strong>Junte-se a n\u00f3s neste Dia Mundial do C\u00e2ncer<\/strong> e multiplique sua a\u00e7\u00e3o! <\/p>\n\n\n\n<p>Uma das a\u00e7\u00f5es da FEMAMA e de sua rede de ONGs associadas em prol do acesso \u00e1gil ao diagn\u00f3stico precoce foi a mobiliza\u00e7\u00e3o do Congresso Nacional para aprova\u00e7\u00e3o da <a rel=\"noreferrer noopener\" aria-label=\"Lei dos 30 Dias (abre numa nova aba)\" href=\"http:\/\/www.in.gov.br\/en\/web\/dou\/-\/lei-n-13.896-de-30-de-outubro-de-2019-224674119\" target=\"_blank\"><strong><span style=\"text-decoration: underline;\">Lei dos 30 Dias<\/span><\/strong><\/a>, que estabelece o prazo de no m\u00e1ximo um m\u00eas para a realiza\u00e7\u00e3o de exames necess\u00e1rios que confirmem o diagn\u00f3stico de c\u00e2ncer no sistema p\u00fablico. <\/p>\n\n\n\n<p>Sancionada pelo vice-presidente Hamilton Mour\u00e3o dentro da campanha de Outubro Rosa de 2019, a nova lei se torna efetiva e passa a valer de verdade, ap\u00f3s o processo de an\u00e1lise e regulamenta\u00e7\u00e3o encabe\u00e7ado pelo Minist\u00e9rio da Sa\u00fade. <strong>A pasta tem at\u00e9 28 de abril deste ano para faz\u00ea-lo<\/strong>, caso contr\u00e1rio, milhares de pacientes com c\u00e2ncer continuar\u00e3o desamparados sem um prazo m\u00e1ximo para serem diagnosticados, impedindo o in\u00edcio r\u00e1pido do tratamento e as chances de cura.<\/p>\n\n\n\n<p>O direito j\u00e1 est\u00e1 garantido. Agora acompanharemos para que seja cumprido!<\/p>\n\n\n\n<div style=\"height:50px\" aria-hidden=\"true\" class=\"wp-block-spacer\"><\/div>\n\n\n\n<div class=\"wp-block-button aligncenter\"><a class=\"wp-block-button__link has-text-color has-very-light-gray-color has-background\" href=\"https:\/\/www.femama.org.br\/2018\/br\/noticia\/lei-dos-30-dias-tire-suas-duvidas\" style=\"background-color:#ff7f4d\" target=\"_blank\" rel=\"noreferrer noopener\"><strong>Conhe\u00e7a e Entenda a Lei dos 30 Dias<\/strong> <\/a><\/div>\n\n\n\n<div style=\"height:50px\" aria-hidden=\"true\" class=\"wp-block-spacer\"><\/div>\n\n\n\n<p class=\"has-text-align-center has-large-font-size\"><strong>Veja como se engajar<\/strong>:<\/p>\n\n\n\n<div style=\"height:50px\" aria-hidden=\"true\" class=\"wp-block-spacer\"><\/div>\n\n\n\n<div class=\"is-layout-flex wp-container-4 wp-block-columns\">\n<div class=\"is-layout-flow wp-block-column\">\n<div class=\"wp-block-image is-style-default\"><figure class=\"aligncenter size-large is-resized\"><img decoding=\"async\" loading=\"lazy\" src=\"http:\/\/diamundialdocancer.femama.org.br\/2020\/wp-content\/uploads\/sites\/3\/2020\/01\/dra-maira-superhero-1.png\" alt=\"\" class=\"wp-image-790\" width=\"215\" height=\"368\" srcset=\"https:\/\/diamundialdocancer.femama.org.br\/2020\/wp-content\/uploads\/sites\/3\/2020\/01\/dra-maira-superhero-1.png 429w, https:\/\/diamundialdocancer.femama.org.br\/2020\/wp-content\/uploads\/sites\/3\/2020\/01\/dra-maira-superhero-1-175x300.png 175w\" sizes=\"(max-width: 215px) 100vw, 215px\" \/><\/figure><\/div>\n\n\n\n<p class=\"has-text-align-center\"> <strong>Grave um v\u00eddeo e conte o que voc\u00ea far\u00e1 para reduzir o risco de c\u00e2ncer<\/strong> <\/p>\n\n\n\n<p class=\"has-text-align-center\"> Conte ao mundo de que forma voc\u00ea, individualmente, ir\u00e1 contribuir para a causa do c\u00e2ncer no mundo. Caso precise de um incentivo, use o filtro do her\u00f3i! <\/p>\n\n\n\n<div class=\"wp-block-button aligncenter\"><a class=\"wp-block-button__link has-text-color has-very-light-gray-color has-background\" href=\"http:\/\/diamundialdocancer.femama.org.br\/2020\/crie-seu-video\" style=\"background-color:#ff7f4d\" target=\"_blank\" rel=\"noreferrer noopener\">Saiba como!<\/a><\/div>\n<\/div>\n\n\n\n<div class=\"is-layout-flow wp-block-column\">\n<div class=\"wp-block-image\"><figure class=\"aligncenter size-large is-resized\"><img decoding=\"async\" loading=\"lazy\" src=\"http:\/\/diamundialdocancer.femama.org.br\/2020\/wp-content\/uploads\/sites\/3\/2020\/01\/poster-sem-rodap\u00e9-563x680-1.jpg\" alt=\"\" class=\"wp-image-757\" width=\"282\" height=\"340\" srcset=\"https:\/\/diamundialdocancer.femama.org.br\/2020\/wp-content\/uploads\/sites\/3\/2020\/01\/poster-sem-rodap\u00e9-563x680-1.jpg 563w, https:\/\/diamundialdocancer.femama.org.br\/2020\/wp-content\/uploads\/sites\/3\/2020\/01\/poster-sem-rodap\u00e9-563x680-1-248x300.jpg 248w\" sizes=\"(max-width: 282px) 100vw, 282px\" \/><\/figure><\/div>\n\n\n\n<p class=\"has-text-align-center\"><strong>Crie ou personalize uma imagem para as m\u00eddias sociais <\/strong><\/p>\n\n\n\n<p class=\"has-text-align-center\">Use a Ferramenta de Layout para inserir molduras com mensagens em suas fotos e divulgar nas m\u00eddias sociais!<\/p>\n\n\n\n<div class=\"wp-block-button aligncenter\"><a class=\"wp-block-button__link has-text-color has-very-light-gray-color has-background\" href=\"https:\/\/www.worldcancerday.org\/pt-br\/custom-poster\" style=\"background-color:#ff7f4d\" target=\"_blank\" rel=\"noreferrer noopener\">Fa\u00e7a j\u00e1 o seu!<\/a><\/div>\n<\/div>\n\n\n\n<div class=\"is-layout-flow wp-block-column\">\n<figure class=\"wp-block-image size-large is-resized\"><img decoding=\"async\" loading=\"lazy\" src=\"http:\/\/diamundialdocancer.femama.org.br\/2020\/wp-content\/uploads\/sites\/3\/2020\/01\/82868852_2515397252066388_6132746238174429184_o-1024x1024.jpg\" alt=\"\" class=\"wp-image-806\" width=\"256\" height=\"256\" srcset=\"https:\/\/diamundialdocancer.femama.org.br\/2020\/wp-content\/uploads\/sites\/3\/2020\/01\/82868852_2515397252066388_6132746238174429184_o-1024x1024.jpg 1024w, https:\/\/diamundialdocancer.femama.org.br\/2020\/wp-content\/uploads\/sites\/3\/2020\/01\/82868852_2515397252066388_6132746238174429184_o-300x300.jpg 300w, https:\/\/diamundialdocancer.femama.org.br\/2020\/wp-content\/uploads\/sites\/3\/2020\/01\/82868852_2515397252066388_6132746238174429184_o-150x150.jpg 150w, https:\/\/diamundialdocancer.femama.org.br\/2020\/wp-content\/uploads\/sites\/3\/2020\/01\/82868852_2515397252066388_6132746238174429184_o-768x767.jpg 768w, https:\/\/diamundialdocancer.femama.org.br\/2020\/wp-content\/uploads\/sites\/3\/2020\/01\/82868852_2515397252066388_6132746238174429184_o.jpg 1440w\" sizes=\"(max-width: 256px) 100vw, 256px\" \/><\/figure>\n\n\n\n<p class=\"has-text-align-center\"><strong>Utilize a moldura da campanha em sua foto de perfil no Facebook<\/strong><\/p>\n\n\n\n<p class=\"has-text-align-center\">Inclua  temporariamente na sua foto de perfil no Facebook o tema da campanha do Dia Mundial do C\u00e2ncer.<\/p>\n\n\n\n<div class=\"wp-block-button aligncenter\"><a class=\"wp-block-button__link has-text-color has-very-light-gray-color has-background\" href=\"http:\/\/diamundialdocancer.femama.org.br\/2020\/engaje-se\/tema-facebook\/\" style=\"background-color:#ff7f4d\" target=\"_blank\" rel=\"noreferrer noopener\">Saiba como fazer!<\/a><\/div>\n<\/div>\n<\/div>\n\n\n\n<div style=\"height:50px\" aria-hidden=\"true\" class=\"wp-block-spacer\"><\/div>\n\n\n\n<p> <strong>Marque a FEMAMA e use as hashtags em suas publica\u00e7\u00f5es<\/strong> <\/p>\n\n\n\n<p>Siga os perfis da FEMAMA nas m\u00eddias sociais e nos marque sempre em suas publica\u00e7\u00f5es. Facebook: <a rel=\"noreferrer noopener\" href=\"http:\/\/www.fb.com\/femamabrasil\" target=\"_blank\">@femamabrasil<\/a>, Instagram: <a rel=\"noreferrer noopener\" href=\"http:\/\/www.instagram.com\/femama.brasil\" target=\"_blank\">@femama.brasil<\/a> e Twitter: <a rel=\"noreferrer noopener\" href=\"http:\/\/www.twitter.com\/femama_\" target=\"_blank\">@femama_<\/a>.  N\u00e3o esque\u00e7a de sempre utilizar as hashtags da campanha: <strong>#DiaMundialdoC\u00e2ncer #EuSouEEuVou #FEMAMA<\/strong>!<\/p>\n\n\n\n<div style=\"height:50px\" aria-hidden=\"true\" class=\"wp-block-spacer\"><\/div>\n","protected":false},"excerpt":{"rendered":"<p>Neste Dia Mundial do C\u00e2ncer, a FEMAMA chama \u00e0 aten\u00e7\u00e3o para a redu\u00e7\u00e3o de risco da doen\u00e7a e ao diagn\u00f3stico precoce. Conhe\u00e7a o seu corpo, fique atento aos sinais e perceba altera\u00e7\u00f5es, no primeiro sinal de alerta, busque orienta\u00e7\u00e3o m\u00e9dica para realizar um diagn\u00f3stico precoce. Quanto mais cedo a doen\u00e7a for diagnosticada, maiores s\u00e3o as [&hellip;]<\/p>\n","protected":false},"author":1,"featured_media":943,"parent":0,"menu_order":0,"comment_status":"closed","ping_status":"closed","template":"","meta":[],"_links":{"self":[{"href":"https:\/\/diamundialdocancer.femama.org.br\/2020\/wp-json\/wp\/v2\/pages\/323"}],"collection":[{"href":"https:\/\/diamundialdocancer.femama.org.br\/2020\/wp-json\/wp\/v2\/pages"}],"about":[{"href":"https:\/\/diamundialdocancer.femama.org.br\/2020\/wp-json\/wp\/v2\/types\/page"}],"author":[{"embeddable":true,"href":"https:\/\/diamundialdocancer.femama.org.br\/2020\/wp-json\/wp\/v2\/users\/1"}],"replies":[{"embeddable":true,"href":"https:\/\/diamundialdocancer.femama.org.br\/2020\/wp-json\/wp\/v2\/comments?post=323"}],"version-history":[{"count":103,"href":"https:\/\/diamundialdocancer.femama.org.br\/2020\/wp-json\/wp\/v2\/pages\/323\/revisions"}],"predecessor-version":[{"id":923,"href":"https:\/\/diamundialdocancer.femama.org.br\/2020\/wp-json\/wp\/v2\/pages\/323\/revisions\/923"}],"wp:featuredmedia":[{"embeddable":true,"href":"https:\/\/diamundialdocancer.femama.org.br\/2020\/wp-json\/wp\/v2\/media\/943"}],"wp:attachment":[{"href":"https:\/\/diamundialdocancer.femama.org.br\/2020\/wp-json\/wp\/v2\/media?parent=323"}],"curies":[{"name":"wp","href":"https:\/\/api.w.org\/{rel}","templated":true}]}}