{"id":285,"date":"2019-01-15T12:16:57","date_gmt":"2019-01-15T14:16:57","guid":{"rendered":"http:\/\/diamundialdocancer.femama.org.br\/2020\/?page_id=285"},"modified":"2020-01-15T13:59:38","modified_gmt":"2020-01-15T16:59:38","slug":"materiais","status":"publish","type":"page","link":"https:\/\/diamundialdocancer.femama.org.br\/2020\/engaje-se\/materiais\/","title":{"rendered":"Materiais para multiplicar"},"content":{"rendered":"\n<p>Conhe\u00e7a os materiais da campanha do Dia Mundial do C\u00e2ncer e descubra o que est\u00e1 ao seu alcance para reduzir o impacto do c\u00e2ncer.<\/p>\n\n\n\n<p>Saiba como desenvolver atividades e divulgar aprendizados. Clique no bot\u00e3o e selecione o idioma <strong>Portuguese, Brazil<\/strong>.<\/p>\n\n\n\n<p><em>Fa\u00e7a como os f\u00e3s e seguidores da FEMAMA, use o tema Eu sou e Eu Vou e compartilhe qual ser\u00e1 a sua atitude em 2020!<\/em><\/p>\n\n\n\n<p><em>\u201cEu sou Joana e vou fazer exerc\u00edcios f\u00edsicos para reduzir o impacto do c\u00e2ncer na minha vida\u201d<\/em><\/p>\n\n\n\n<p><em>\u201cEu sou uma ONG e vou lutar pelo diagn\u00f3stico precoce em at\u00e9 30 dias!\u201d.<\/em><\/p>\n\n\n\n<p><em>\u201cEu sou Erica e vou adotar uma dieta saud\u00e1vel para melhorar minha qualidade de vida e reduzir o risco de c\u00e2ncer\u201d<\/em><\/p>\n\n\n\n<p><em>\u201cEu sou Rodrigo e vou reduzir meu peso e adotar h\u00e1bitos saud\u00e1veis\u201d<\/em><\/p>\n\n\n\n<div style=\"height:50px\" aria-hidden=\"true\" class=\"wp-block-spacer\"><\/div>\n\n\n\n<div class=\"wp-block-button aligncenter is-style-fill\"><a class=\"wp-block-button__link has-background\" href=\"https:\/\/www.worldcancerday.org\/pt-br\/materiais\" style=\"background-color:#ff7f4d\" target=\"_blank\" rel=\"noreferrer noopener\">Acesse os materiais<\/a><\/div>\n\n\n\n<div style=\"height:50px\" aria-hidden=\"true\" class=\"wp-block-spacer\"><\/div>\n\n\n\n<div style=\"height:50px\" aria-hidden=\"true\" class=\"wp-block-spacer\"><\/div>\n\n\n\n<p><\/p>\n","protected":false},"excerpt":{"rendered":"<p>Conhe\u00e7a os materiais da campanha do Dia Mundial do C\u00e2ncer e descubra o que est\u00e1 ao seu alcance para reduzir o impacto do c\u00e2ncer. Saiba como desenvolver atividades e divulgar aprendizados. Clique no bot\u00e3o e selecione o idioma Portuguese, Brazil. Fa\u00e7a como os f\u00e3s e seguidores da FEMAMA, use o tema Eu sou e Eu [&hellip;]<\/p>\n","protected":false},"author":1,"featured_media":0,"parent":323,"menu_order":0,"comment_status":"closed","ping_status":"closed","template":"","meta":[],"_links":{"self":[{"href":"https:\/\/diamundialdocancer.femama.org.br\/2020\/wp-json\/wp\/v2\/pages\/285"}],"collection":[{"href":"https:\/\/diamundialdocancer.femama.org.br\/2020\/wp-json\/wp\/v2\/pages"}],"about":[{"href":"https:\/\/diamundialdocancer.femama.org.br\/2020\/wp-json\/wp\/v2\/types\/page"}],"author":[{"embeddable":true,"href":"https:\/\/diamundialdocancer.femama.org.br\/2020\/wp-json\/wp\/v2\/users\/1"}],"replies":[{"embeddable":true,"href":"https:\/\/diamundialdocancer.femama.org.br\/2020\/wp-json\/wp\/v2\/comments?post=285"}],"version-history":[{"count":24,"href":"https:\/\/diamundialdocancer.femama.org.br\/2020\/wp-json\/wp\/v2\/pages\/285\/revisions"}],"predecessor-version":[{"id":922,"href":"https:\/\/diamundialdocancer.femama.org.br\/2020\/wp-json\/wp\/v2\/pages\/285\/revisions\/922"}],"up":[{"embeddable":true,"href":"https:\/\/diamundialdocancer.femama.org.br\/2020\/wp-json\/wp\/v2\/pages\/323"}],"wp:attachment":[{"href":"https:\/\/diamundialdocancer.femama.org.br\/2020\/wp-json\/wp\/v2\/media?parent=285"}],"curies":[{"name":"wp","href":"https:\/\/api.w.org\/{rel}","templated":true}]}}