{"id":436,"date":"2019-01-16T16:42:43","date_gmt":"2019-01-16T18:42:43","guid":{"rendered":"http:\/\/diamundialdocancer.femama.org.br\/2019\/?page_id=436"},"modified":"2019-01-16T17:34:46","modified_gmt":"2019-01-16T19:34:46","slug":"cancer","status":"publish","type":"page","link":"https:\/\/diamundialdocancer.femama.org.br\/2019\/cancer\/","title":{"rendered":"C\u00e2ncer"},"content":{"rendered":"\n<p>Existe uma s\u00e9rie de coisas que voc\u00ea pode fazer para diminuir o risco de ter c\u00e2ncer.<\/p>\n\n\n\n<div class=\"wp-block-image\"><figure class=\"aligncenter\"><img decoding=\"async\" loading=\"lazy\" width=\"905\" height=\"581\" src=\"http:\/\/diamundialdocancer.femama.org.br\/2019\/wp-content\/uploads\/sites\/2\/2019\/01\/redu\u00e7\u00e3o-de-risco.png\" alt=\"\" class=\"wp-image-440\" srcset=\"https:\/\/diamundialdocancer.femama.org.br\/2019\/wp-content\/uploads\/sites\/2\/2019\/01\/redu\u00e7\u00e3o-de-risco.png 905w, https:\/\/diamundialdocancer.femama.org.br\/2019\/wp-content\/uploads\/sites\/2\/2019\/01\/redu\u00e7\u00e3o-de-risco-300x193.png 300w, https:\/\/diamundialdocancer.femama.org.br\/2019\/wp-content\/uploads\/sites\/2\/2019\/01\/redu\u00e7\u00e3o-de-risco-768x493.png 768w\" sizes=\"(max-width: 905px) 100vw, 905px\" \/><\/figure><\/div>\n\n\n\n<div style=\"height:50px\" aria-hidden=\"true\" class=\"wp-block-spacer\"><\/div>\n\n\n\n<h2 style=\"text-align:left\">Saiba mais sobre c\u00e2ncer de mama<\/h2>\n\n\n\n<div style=\"height:50px\" aria-hidden=\"true\" class=\"wp-block-spacer\"><\/div>\n\n\n\n<p>No site da FEMAMA, voc\u00ea confere informa\u00e7\u00f5es e conte\u00fados relevantes em qualquer momento da sua jornada contra o c\u00e2ncer.<\/p>\n\n\n\n<div style=\"height:50px\" aria-hidden=\"true\" class=\"wp-block-spacer\"><\/div>\n\n\n\n<div class=\"is-layout-flex wp-container-3 wp-block-columns has-2-columns\">\n<div class=\"is-layout-flow wp-block-column\">\n<p style=\"background-color:#dfa1b3;text-align:center\" class=\"has-background\"><strong>Antes do c\u00e2ncer<\/strong>  <br>Conhe\u00e7a as principais formas de diagn\u00f3stico precoce al\u00e9m de como diminuir o risco de se ter c\u00e2ncer.<\/p>\n\n\n\n<div class=\"wp-block-button aligncenter\"><a class=\"wp-block-button__link has-background\" href=\"https:\/\/www.femama.org.br\/2018\/br\/cancer-de-mama\/lista\/antes-do-cancer\" style=\"background-color:#ff7f4d\">Acesse<\/a><\/div>\n<\/div>\n\n\n\n<div class=\"is-layout-flow wp-block-column\">\n<p style=\"background-color:#dfa1b3;text-align:center\" class=\"has-background\"><strong>Enfrentando&nbsp;o&nbsp;c\u00e2ncer<\/strong><br> Leia tudo o que voc\u00ea precisar saber, desde os tipos de tratamento at\u00e9 dicas e d\u00favidas recorrentes.<\/p>\n\n\n\n<div class=\"wp-block-button aligncenter\"><a class=\"wp-block-button__link has-background\" href=\"https:\/\/www.femama.org.br\/2018\/br\/cancer-de-mama\/lista\/enfrentando-o-cancer\" style=\"background-color:#ff7f4d\">Acesse<\/a><\/div>\n<\/div>\n<\/div>\n\n\n\n<div style=\"height:50px\" aria-hidden=\"true\" class=\"wp-block-spacer\"><\/div>\n\n\n\n<div class=\"is-layout-flex wp-container-6 wp-block-columns has-2-columns\">\n<div class=\"is-layout-flow wp-block-column\">\n<p style=\"background-color:#dfa1b3;text-align:center\" class=\"has-background\"><strong>Depois do c\u00e2ncer<\/strong> <br>\u00c9 uma vitoriosa e derrotou o c\u00e2ncer de mama? Parab\u00e9ns! Saiba mais o que vem depois e como retomar a sua vida. <\/p>\n\n\n\n<div class=\"wp-block-button aligncenter\"><a class=\"wp-block-button__link has-background\" href=\"https:\/\/www.femama.org.br\/2018\/br\/cancer-de-mama\/lista\/depois-do-cancer\" style=\"background-color:#ff7f4d\">Acesse<\/a><\/div>\n<\/div>\n\n\n\n<div class=\"is-layout-flow wp-block-column\">\n<p style=\"background-color:#dfa1b3;text-align:center\" class=\"has-background\"><strong>C\u00e2ncer\u00a0de\u00a0mama\u00a0metast\u00e1tico<\/strong> <br>Sabemos que voc\u00ea enfrenta desafios diferentes de outras pacientes e, por isso, esses conte\u00fados foram feitos especialmente para voc\u00ea.<\/p>\n\n\n\n<div class=\"wp-block-button aligncenter\"><a class=\"wp-block-button__link has-background\" href=\"https:\/\/www.femama.org.br\/2018\/br\/cancer-de-mama\/lista\/cancer-metastatico\" style=\"background-color:#ff7f4d\">Acesse<\/a><\/div>\n<\/div>\n<\/div>\n\n\n\n<div style=\"height:50px\" aria-hidden=\"true\" class=\"wp-block-spacer\"><\/div>\n\n\n\n<h2>Direitos de pacientes<\/h2>\n\n\n\n<div style=\"height:50px\" aria-hidden=\"true\" class=\"wp-block-spacer\"><\/div>\n\n\n\n<p>Pacientes com c\u00e2ncer t\u00eam diversos direitos garantidos por lei \u2013 tanto de acesso \u00e0 sa\u00fade quanto benef\u00edcios sociais. Conhe\u00e7a-os e exija o seu cumprimento.<\/p>\n\n\n\n<div style=\"height:50px\" aria-hidden=\"true\" class=\"wp-block-spacer\"><\/div>\n\n\n\n<div class=\"wp-block-button aligncenter\"><a class=\"wp-block-button__link has-background\" href=\"https:\/\/www.femama.org.br\/2018\/br\/lutas-e-direitos\/direitos\" style=\"background-color:#ff7f4d\">Conhe\u00e7a seus direitos<\/a><\/div>\n","protected":false},"excerpt":{"rendered":"<p>Existe uma s\u00e9rie de coisas que voc\u00ea pode fazer para diminuir o risco de ter c\u00e2ncer. Saiba mais sobre c\u00e2ncer de mama No site da FEMAMA, voc\u00ea confere informa\u00e7\u00f5es e conte\u00fados relevantes em qualquer momento da sua jornada contra o c\u00e2ncer. Antes do c\u00e2ncer Conhe\u00e7a as principais formas de diagn\u00f3stico precoce al\u00e9m de como diminuir [&hellip;]<\/p>\n","protected":false},"author":1,"featured_media":0,"parent":0,"menu_order":0,"comment_status":"closed","ping_status":"closed","template":"","meta":[],"_links":{"self":[{"href":"https:\/\/diamundialdocancer.femama.org.br\/2019\/wp-json\/wp\/v2\/pages\/436"}],"collection":[{"href":"https:\/\/diamundialdocancer.femama.org.br\/2019\/wp-json\/wp\/v2\/pages"}],"about":[{"href":"https:\/\/diamundialdocancer.femama.org.br\/2019\/wp-json\/wp\/v2\/types\/page"}],"author":[{"embeddable":true,"href":"https:\/\/diamundialdocancer.femama.org.br\/2019\/wp-json\/wp\/v2\/users\/1"}],"replies":[{"embeddable":true,"href":"https:\/\/diamundialdocancer.femama.org.br\/2019\/wp-json\/wp\/v2\/comments?post=436"}],"version-history":[{"count":18,"href":"https:\/\/diamundialdocancer.femama.org.br\/2019\/wp-json\/wp\/v2\/pages\/436\/revisions"}],"predecessor-version":[{"id":467,"href":"https:\/\/diamundialdocancer.femama.org.br\/2019\/wp-json\/wp\/v2\/pages\/436\/revisions\/467"}],"wp:attachment":[{"href":"https:\/\/diamundialdocancer.femama.org.br\/2019\/wp-json\/wp\/v2\/media?parent=436"}],"curies":[{"name":"wp","href":"https:\/\/api.w.org\/{rel}","templated":true}]}}