{"id":362,"date":"2019-01-15T17:02:30","date_gmt":"2019-01-15T19:02:30","guid":{"rendered":"http:\/\/diamundialdocancer.femama.org.br\/2019\/?page_id=362"},"modified":"2019-01-21T10:36:36","modified_gmt":"2019-01-21T12:36:36","slug":"filtro-heroi","status":"publish","type":"page","link":"https:\/\/diamundialdocancer.femama.org.br\/2019\/mobilizacao\/filtro-heroi\/","title":{"rendered":"Filtro de Her\u00f3i no Facebook"},"content":{"rendered":"\n<p>A UICC criou, pela primeira vez, um filtro interativo para a c\u00e2mera do aplicativo do Facebook que celebra o poder de cada pessoa de causar um impacto positivo. O tema \u201cEu Sou e Eu Vou\u201d apela para que o her\u00f3i em todos n\u00f3s aja. Use o filtro e divulgue a mensagem da campanha. Sugerimos aplicar a seguinte frase:<\/p>\n\n\n\n<div style=\"height:50px\" aria-hidden=\"true\" class=\"wp-block-spacer\"><\/div>\n\n\n\n<p style=\"text-align:center\"><em><strong>Eu sou [UM CIDAD\u00c3O \/ UM PACIENTE \/ UMA ONG \/ SEU NOME, como preferir] e vou lutar pelo diagn\u00f3stico do c\u00e2ncer em 30 dias.<\/strong><\/em><\/p>\n\n\n\n<div style=\"height:50px\" aria-hidden=\"true\" class=\"wp-block-spacer\"><\/div>\n\n\n\n<figure class=\"wp-block-video aligncenter\"><video controls src=\"http:\/\/diamundialdocancer.femama.org.br\/2019\/wp-content\/uploads\/sites\/2\/2019\/01\/V\u00eddeo-Dra.-Maira-Filtro-Super-Her\u00f3i-480p.mp4\"><\/video><\/figure>\n\n\n\n<div style=\"height:30px\" aria-hidden=\"true\" class=\"wp-block-spacer\"><\/div>\n\n\n\n<p> <strong>O que voc\u00ea precisar\u00e1<\/strong>:<br><\/p>\n\n\n\n<ul><li>Um celular com o sistema operacional Apple iOS ou Android;<\/li><li>O aplicativo do Facebook instalado em seu telefone.<\/li><\/ul>\n\n\n\n<div style=\"height:30px\" aria-hidden=\"true\" class=\"wp-block-spacer\"><\/div>\n\n\n\n<p><strong>Siga esses passos:<\/strong><\/p>\n\n\n\n<ol><li>Acesse: <a href=\"http:\/\/bit.ly\/WCD2019\">http:\/\/bit.ly\/WCD2019<\/a> <\/li><li>Voc\u00ea receber\u00e1 uma notifica\u00e7\u00e3o no seu celular para abrir o filtro no Facebook;<\/li><li>Crie sua foto ou v\u00eddeo com o filtro de super-her\u00f3i e compartilhe sua mensagem da campanha (Dica 1: levante as sobrancelhas para mudar e testar todas as m\u00e1scaras! Dica 2: escolha um fundo que d\u00ea contraste com o texto que ser\u00e1 escrito na cor branca);<\/li><li>Publique-a no Facebook como uma postagem ou story com as hashtags oficiais: #DiaMundialdoC\u00e2ncer #EuSouEEuVou #PLC30Dias;<\/li><li>Salve sua foto ou v\u00eddeo na galeria do celular e compartilhe no Instagram, WhatsApp, e-mail, Twitter, YouTube\u2026<\/li><li>Sentindo-se corajoso? Voc\u00ea pode at\u00e9 mesmo fazer uma transmiss\u00e3o ao vivo no Facebook com o filtro<\/li><li>Uma m\u00e1scara \u00e9 pouco? Experimente as tr\u00eas op\u00e7\u00f5es de m\u00e1scaras e compartilhe uma vers\u00e3o de cada! <\/li><\/ol>\n\n\n\n<p><\/p>\n","protected":false},"excerpt":{"rendered":"<p>A UICC criou, pela primeira vez, um filtro interativo para a c\u00e2mera do aplicativo do Facebook que celebra o poder de cada pessoa de causar um impacto positivo. O tema \u201cEu Sou e Eu Vou\u201d apela para que o her\u00f3i em todos n\u00f3s aja. Use o filtro e divulgue a mensagem da campanha. Sugerimos aplicar [&hellip;]<\/p>\n","protected":false},"author":1,"featured_media":0,"parent":323,"menu_order":0,"comment_status":"closed","ping_status":"closed","template":"","meta":[],"_links":{"self":[{"href":"https:\/\/diamundialdocancer.femama.org.br\/2019\/wp-json\/wp\/v2\/pages\/362"}],"collection":[{"href":"https:\/\/diamundialdocancer.femama.org.br\/2019\/wp-json\/wp\/v2\/pages"}],"about":[{"href":"https:\/\/diamundialdocancer.femama.org.br\/2019\/wp-json\/wp\/v2\/types\/page"}],"author":[{"embeddable":true,"href":"https:\/\/diamundialdocancer.femama.org.br\/2019\/wp-json\/wp\/v2\/users\/1"}],"replies":[{"embeddable":true,"href":"https:\/\/diamundialdocancer.femama.org.br\/2019\/wp-json\/wp\/v2\/comments?post=362"}],"version-history":[{"count":14,"href":"https:\/\/diamundialdocancer.femama.org.br\/2019\/wp-json\/wp\/v2\/pages\/362\/revisions"}],"predecessor-version":[{"id":593,"href":"https:\/\/diamundialdocancer.femama.org.br\/2019\/wp-json\/wp\/v2\/pages\/362\/revisions\/593"}],"up":[{"embeddable":true,"href":"https:\/\/diamundialdocancer.femama.org.br\/2019\/wp-json\/wp\/v2\/pages\/323"}],"wp:attachment":[{"href":"https:\/\/diamundialdocancer.femama.org.br\/2019\/wp-json\/wp\/v2\/media?parent=362"}],"curies":[{"name":"wp","href":"https:\/\/api.w.org\/{rel}","templated":true}]}}