{"id":323,"date":"2019-01-15T14:58:29","date_gmt":"2019-01-15T16:58:29","guid":{"rendered":"http:\/\/diamundialdocancer.femama.org.br\/2019\/?page_id=323"},"modified":"2019-02-01T16:31:53","modified_gmt":"2019-02-01T18:31:53","slug":"mobilizacao","status":"publish","type":"page","link":"https:\/\/diamundialdocancer.femama.org.br\/2019\/mobilizacao\/","title":{"rendered":"Mobiliza\u00e7\u00e3o"},"content":{"rendered":"\n<p>A <strong><a rel=\"noreferrer noopener\" aria-label=\"FEMAMA (abre em uma nova aba)\" href=\"http:\/\/www.femama.org.br\" target=\"_blank\">FEMAMA<\/a><\/strong> chama \u00e0 aten\u00e7\u00e3o nesse Dia Mundial do C\u00e2ncer para a necessidade urgente de diagn\u00f3stico nos est\u00e1gios iniciais da doen\u00e7a, quando as chances de cura s\u00e3o maiores. Por isso, lutamos pelo avan\u00e7o do <strong><a href=\"https:\/\/www12.senado.leg.br\/ecidadania\/visualizacaomateria?id=134968\">PLC 143\/2018<\/a><\/strong>, ou <strong>PLC dos 30 Dias<\/strong>. O projeto determina que, mediante suspeita de c\u00e2ncer, os exames necess\u00e1rios para confirma\u00e7\u00e3o diagn\u00f3stica sejam realizados em no m\u00e1ximo 30 dias no SUS. Hoje <strong>n\u00e3o h\u00e1 um prazo para o diagn\u00f3stico<\/strong> e o c\u00e2ncer pode evoluir durante investiga\u00e7\u00f5es demoradas. As ONGs da rede FEMAMA em todo o Brasil foram orientadas a enviar of\u00edcios explicando a import\u00e2ncia do projeto aos senadores e pedindo o seu apoio.  Voc\u00ea tamb\u00e9m pode participar. Junte-se a n\u00f3s nesse Dia Mundial do C\u00e2ncer!<\/p>\n\n\n\n<div style=\"height:50px\" aria-hidden=\"true\" class=\"wp-block-spacer\"><\/div>\n\n\n\n<div class=\"wp-block-button aligncenter\"><a class=\"wp-block-button__link has-text-color has-very-light-gray-color has-background\" href=\"http:\/\/diamundialdocancer.femama.org.br\/2019\/2019\/01\/18\/plc-dos-30-dias-o-diagnostico-de-cancer-nao-pode-esperar\/\" style=\"background-color:#ff7f4d\"><strong>Conhe\u00e7a o PLC dos 30 Dias<\/strong> <\/a><\/div>\n\n\n\n<div style=\"height:50px\" aria-hidden=\"true\" class=\"wp-block-spacer\"><\/div>\n\n\n\n<p style=\"text-align:center\" class=\"has-large-font-size\"><strong>Veja\ncomo se mobilizar<\/strong><\/p>\n\n\n\n<div style=\"height:50px\" aria-hidden=\"true\" class=\"wp-block-spacer\"><\/div>\n\n\n\n<div class=\"is-layout-flex wp-container-3 wp-block-columns has-2-columns\">\n<div class=\"is-layout-flow wp-block-column\">\n<div class=\"wp-block-image\"><figure class=\"aligncenter\"><img decoding=\"async\" loading=\"lazy\" width=\"563\" height=\"563\" src=\"http:\/\/diamundialdocancer.femama.org.br\/2019\/wp-content\/uploads\/sites\/2\/2019\/01\/WCD19_Brand_Icons_RGB_SpeechBubbles_Purple-relatos.jpg\" alt=\"\" class=\"wp-image-471\" srcset=\"https:\/\/diamundialdocancer.femama.org.br\/2019\/wp-content\/uploads\/sites\/2\/2019\/01\/WCD19_Brand_Icons_RGB_SpeechBubbles_Purple-relatos.jpg 563w, https:\/\/diamundialdocancer.femama.org.br\/2019\/wp-content\/uploads\/sites\/2\/2019\/01\/WCD19_Brand_Icons_RGB_SpeechBubbles_Purple-relatos-150x150.jpg 150w, https:\/\/diamundialdocancer.femama.org.br\/2019\/wp-content\/uploads\/sites\/2\/2019\/01\/WCD19_Brand_Icons_RGB_SpeechBubbles_Purple-relatos-300x300.jpg 300w\" sizes=\"(max-width: 563px) 100vw, 563px\" \/><\/figure><\/div>\n\n\n\n<p style=\"text-align:center\"><strong>Relatos de Espera<\/strong><\/p>\n\n\n\n<p style=\"text-align:center\">Encontre hist\u00f3rias e envie seu relato de espera para a confirma\u00e7\u00e3o do diagn\u00f3stico de c\u00e2ncer para ampliar visibilidade ao problema.<\/p>\n\n\n\n<div class=\"wp-block-button aligncenter\"><a class=\"wp-block-button__link has-text-color has-very-light-gray-color has-background\" href=\"http:\/\/diamundialdocancer.femama.org.br\/2019\/relatos-de-espera\/\" style=\"background-color:#ff7f4d\">Acesse<\/a><\/div>\n<\/div>\n\n\n\n<div class=\"is-layout-flow wp-block-column\">\n<div class=\"wp-block-image\"><figure class=\"aligncenter\"><img decoding=\"async\" loading=\"lazy\" width=\"563\" height=\"563\" src=\"http:\/\/diamundialdocancer.femama.org.br\/2019\/wp-content\/uploads\/sites\/2\/2019\/01\/WCD19_Brand_Icons_RGB_Phone_Purple-ecidadania.jpg\" alt=\"\" class=\"wp-image-473\" srcset=\"https:\/\/diamundialdocancer.femama.org.br\/2019\/wp-content\/uploads\/sites\/2\/2019\/01\/WCD19_Brand_Icons_RGB_Phone_Purple-ecidadania.jpg 563w, https:\/\/diamundialdocancer.femama.org.br\/2019\/wp-content\/uploads\/sites\/2\/2019\/01\/WCD19_Brand_Icons_RGB_Phone_Purple-ecidadania-150x150.jpg 150w, https:\/\/diamundialdocancer.femama.org.br\/2019\/wp-content\/uploads\/sites\/2\/2019\/01\/WCD19_Brand_Icons_RGB_Phone_Purple-ecidadania-300x300.jpg 300w\" sizes=\"(max-width: 563px) 100vw, 563px\" \/><\/figure><\/div>\n\n\n\n<p style=\"text-align:center\"><strong>Vote a favor do PLC dos 30 Dias<\/strong><\/p>\n\n\n\n<p style=\"text-align:center\">Vote&nbsp;<strong>SIM<\/strong>&nbsp;na consulta p\u00fablica do Senado para mostrar apoio ao projeto. Envie o link da consulta para seus contatos participarem tamb\u00e9m.<\/p>\n\n\n\n<div class=\"wp-block-button aligncenter\"><a class=\"wp-block-button__link has-text-color has-very-light-gray-color has-background\" href=\"https:\/\/www12.senado.leg.br\/ecidadania\/visualizacaomateria?id=134968\" style=\"background-color:#ff7f4d\">Acesse<\/a><\/div>\n<\/div>\n<\/div>\n\n\n\n<div style=\"height:50px\" aria-hidden=\"true\" class=\"wp-block-spacer\"><\/div>\n\n\n\n<div class=\"is-layout-flex wp-container-6 wp-block-columns has-2-columns\">\n<div class=\"is-layout-flow wp-block-column\">\n<div class=\"wp-block-image\"><figure class=\"aligncenter\"><img decoding=\"async\" loading=\"lazy\" width=\"563\" height=\"563\" src=\"http:\/\/diamundialdocancer.femama.org.br\/2019\/wp-content\/uploads\/sites\/2\/2019\/01\/WCD19_Brand_Icons_RGB_Individual_Purple-maskara.jpg\" alt=\"\" class=\"wp-image-474\" srcset=\"https:\/\/diamundialdocancer.femama.org.br\/2019\/wp-content\/uploads\/sites\/2\/2019\/01\/WCD19_Brand_Icons_RGB_Individual_Purple-maskara.jpg 563w, https:\/\/diamundialdocancer.femama.org.br\/2019\/wp-content\/uploads\/sites\/2\/2019\/01\/WCD19_Brand_Icons_RGB_Individual_Purple-maskara-150x150.jpg 150w, https:\/\/diamundialdocancer.femama.org.br\/2019\/wp-content\/uploads\/sites\/2\/2019\/01\/WCD19_Brand_Icons_RGB_Individual_Purple-maskara-300x300.jpg 300w\" sizes=\"(max-width: 563px) 100vw, 563px\" \/><\/figure><\/div>\n\n\n\n<p style=\"text-align:center\"><strong>Filtro&nbsp;de&nbsp;Her\u00f3i&nbsp;no&nbsp;Facebook<\/strong><\/p>\n\n\n\n<p style=\"text-align:center\">O filtro de c\u00e2mera criado pela UICC celebra o seu poder de causar um impacto positivo contra o c\u00e2ncer. Fa\u00e7a brilhar o seu her\u00f3i interior.<\/p>\n\n\n\n<div class=\"wp-block-button aligncenter\"><a class=\"wp-block-button__link has-background\" href=\"http:\/\/diamundialdocancer.femama.org.br\/2019\/filtro-heroi\/\" style=\"background-color:#ff7f4d\">Acesse<\/a><\/div>\n\n\n\n<p><\/p>\n<\/div>\n\n\n\n<div class=\"is-layout-flow wp-block-column\">\n<div class=\"wp-block-image\"><figure class=\"aligncenter\"><img decoding=\"async\" loading=\"lazy\" width=\"563\" height=\"563\" src=\"http:\/\/diamundialdocancer.femama.org.br\/2019\/wp-content\/uploads\/sites\/2\/2019\/01\/WCD19_Brand_Icons_RGB_Individual_Purple-senadores.jpg\" alt=\"\" class=\"wp-image-629\" srcset=\"https:\/\/diamundialdocancer.femama.org.br\/2019\/wp-content\/uploads\/sites\/2\/2019\/01\/WCD19_Brand_Icons_RGB_Individual_Purple-senadores.jpg 563w, https:\/\/diamundialdocancer.femama.org.br\/2019\/wp-content\/uploads\/sites\/2\/2019\/01\/WCD19_Brand_Icons_RGB_Individual_Purple-senadores-150x150.jpg 150w, https:\/\/diamundialdocancer.femama.org.br\/2019\/wp-content\/uploads\/sites\/2\/2019\/01\/WCD19_Brand_Icons_RGB_Individual_Purple-senadores-300x300.jpg 300w\" sizes=\"(max-width: 563px) 100vw, 563px\" \/><\/figure><\/div>\n\n\n\n<p style=\"text-align:center\"><strong>Marque&nbsp;seu&nbsp;senador<\/strong><\/p>\n\n\n\n<p style=\"text-align:center\">Marque os senadores do seu estado nos coment\u00e1rios do post do Facebook para que se apoiem o PLC dos 30 Dias!<\/p>\n\n\n\n<div class=\"wp-block-button aligncenter\"><a class=\"wp-block-button__link has-background\" href=\"https:\/\/www.facebook.com\/femamabrasil\/videos\/800826703601623\/\" style=\"background-color:#ff7f4d\">Acesse<\/a><\/div>\n<\/div>\n<\/div>\n\n\n\n<p><\/p>\n","protected":false},"excerpt":{"rendered":"<p>A FEMAMA chama \u00e0 aten\u00e7\u00e3o nesse Dia Mundial do C\u00e2ncer para a necessidade urgente de diagn\u00f3stico nos est\u00e1gios iniciais da doen\u00e7a, quando as chances de cura s\u00e3o maiores. Por isso, lutamos pelo avan\u00e7o do PLC 143\/2018, ou PLC dos 30 Dias. O projeto determina que, mediante suspeita de c\u00e2ncer, os exames necess\u00e1rios para confirma\u00e7\u00e3o diagn\u00f3stica [&hellip;]<\/p>\n","protected":false},"author":1,"featured_media":575,"parent":0,"menu_order":0,"comment_status":"closed","ping_status":"closed","template":"","meta":[],"_links":{"self":[{"href":"https:\/\/diamundialdocancer.femama.org.br\/2019\/wp-json\/wp\/v2\/pages\/323"}],"collection":[{"href":"https:\/\/diamundialdocancer.femama.org.br\/2019\/wp-json\/wp\/v2\/pages"}],"about":[{"href":"https:\/\/diamundialdocancer.femama.org.br\/2019\/wp-json\/wp\/v2\/types\/page"}],"author":[{"embeddable":true,"href":"https:\/\/diamundialdocancer.femama.org.br\/2019\/wp-json\/wp\/v2\/users\/1"}],"replies":[{"embeddable":true,"href":"https:\/\/diamundialdocancer.femama.org.br\/2019\/wp-json\/wp\/v2\/comments?post=323"}],"version-history":[{"count":35,"href":"https:\/\/diamundialdocancer.femama.org.br\/2019\/wp-json\/wp\/v2\/pages\/323\/revisions"}],"predecessor-version":[{"id":653,"href":"https:\/\/diamundialdocancer.femama.org.br\/2019\/wp-json\/wp\/v2\/pages\/323\/revisions\/653"}],"wp:featuredmedia":[{"embeddable":true,"href":"https:\/\/diamundialdocancer.femama.org.br\/2019\/wp-json\/wp\/v2\/media\/575"}],"wp:attachment":[{"href":"https:\/\/diamundialdocancer.femama.org.br\/2019\/wp-json\/wp\/v2\/media?parent=323"}],"curies":[{"name":"wp","href":"https:\/\/api.w.org\/{rel}","templated":true}]}}