{"id":285,"date":"2019-01-15T12:16:57","date_gmt":"2019-01-15T14:16:57","guid":{"rendered":"http:\/\/diamundialdocancer.femama.org.br\/2019\/?page_id=285"},"modified":"2019-01-18T17:54:15","modified_gmt":"2019-01-18T19:54:15","slug":"materiais","status":"publish","type":"page","link":"https:\/\/diamundialdocancer.femama.org.br\/2019\/campanha\/materiais\/","title":{"rendered":"Materiais para multiplicar"},"content":{"rendered":"\n<p>Consulte os materiais da campanha do Dia Mundial do C\u00e2ncer para compreender melhor o que est\u00e1 ao seu alcance para reduzir o impacto do c\u00e2ncer. Saiba como desenvolver atividades e divulgar aprendizados. <\/p>\n\n\n\n<div style=\"height:50px\" aria-hidden=\"true\" class=\"wp-block-spacer\"><\/div>\n\n\n\n<div class=\"is-layout-flex wp-container-3 wp-block-columns has-2-columns\">\n<div class=\"is-layout-flow wp-block-column\">\n<div class=\"wp-block-image\"><figure class=\"aligncenter\"><img decoding=\"async\" loading=\"lazy\" width=\"151\" height=\"200\" src=\"http:\/\/diamundialdocancer.femama.org.br\/2019\/wp-content\/uploads\/sites\/2\/2019\/01\/miniatura-guias.png\" alt=\"\" class=\"wp-image-298\"\/><\/figure><\/div>\n\n\n\n<p style=\"text-align:center\"><strong>Guias<\/strong><\/p>\n\n\n\n<p style=\"text-align:center\">Saiba como organizar eventos, levantar recursos, se mobilizar e tirar proveito das m\u00eddias sociais para impulsionar a campanha.<\/p>\n\n\n\n<div class=\"wp-block-button aligncenter is-style-default\"><a class=\"wp-block-button__link has-text-color has-very-light-gray-color has-background\" href=\"https:\/\/drive.google.com\/open?id=1wfzfNc0Ep7IMcWWVfIzXfX9lbzZmzy7b\" style=\"background-color:#ff7f4d\">Acesse<\/a><\/div>\n<\/div>\n\n\n\n<div class=\"is-layout-flow wp-block-column\">\n<div class=\"wp-block-image\"><figure class=\"aligncenter\"><img decoding=\"async\" loading=\"lazy\" width=\"151\" height=\"200\" src=\"http:\/\/diamundialdocancer.femama.org.br\/2019\/wp-content\/uploads\/sites\/2\/2019\/01\/miniatura-kits.png\" alt=\"\" class=\"wp-image-299\"\/><\/figure><\/div>\n\n\n\n<p style=\"text-align:center\"><strong>Kits de Ferramentas<\/strong><\/p>\n\n\n\n<p style=\"text-align:center\">Encontre ideias e a\u00e7\u00f5es para empresas, escolas, governos, cidades e indiv\u00edduos se envolverem com o Dia Mundial do C\u00e2ncer.<\/p>\n\n\n\n<div class=\"wp-block-button aligncenter is-style-default\"><a class=\"wp-block-button__link has-text-color has-very-light-gray-color has-background\" href=\"https:\/\/drive.google.com\/open?id=1nGr7aQI7usG51weLfZsSfV88VyvtMlmu\" style=\"background-color:#ff7f4d\">Acesse<\/a><\/div>\n<\/div>\n<\/div>\n\n\n\n<div style=\"height:50px\" aria-hidden=\"true\" class=\"wp-block-spacer\"><\/div>\n\n\n\n<div class=\"is-layout-flex wp-container-6 wp-block-columns has-2-columns\">\n<div class=\"is-layout-flow wp-block-column\">\n<div class=\"wp-block-image\"><figure class=\"aligncenter\"><img decoding=\"async\" loading=\"lazy\" width=\"151\" height=\"200\" src=\"http:\/\/diamundialdocancer.femama.org.br\/2019\/wp-content\/uploads\/sites\/2\/2019\/01\/miniatura-quest\u00f5es-chave.png\" alt=\"\" class=\"wp-image-302\"\/><\/figure><\/div>\n\n\n\n<p style=\"text-align:center\"><strong>Quest\u00f5es-Chave<\/strong><\/p>\n\n\n\n<p style=\"text-align:center\">Entenda aspectos  da realidade global do c\u00e2ncer: mitos, fatores emocionais, economia mundial, acesso, entre outros.<\/p>\n\n\n\n<div class=\"wp-block-button aligncenter\"><a class=\"wp-block-button__link has-background\" href=\"https:\/\/drive.google.com\/open?id=14U_h9IecydZxkysnwGzBbzrh4RRiiXyF\" style=\"background-color:#ff7f4d\">Acesse<\/a><\/div>\n<\/div>\n\n\n\n<div class=\"is-layout-flow wp-block-column\">\n<div class=\"wp-block-image\"><figure class=\"aligncenter\"><img decoding=\"async\" loading=\"lazy\" width=\"151\" height=\"200\" src=\"http:\/\/diamundialdocancer.femama.org.br\/2019\/wp-content\/uploads\/sites\/2\/2019\/01\/miniatura-info.png\" alt=\"\" class=\"wp-image-304\"\/><\/figure><\/div>\n\n\n\n<p style=\"text-align:center\"><strong>Infogr\u00e1fico<\/strong><\/p>\n\n\n\n<p style=\"text-align:center\">Visualize alguns cen\u00e1rios e argumentos para reduzir o impacto do c\u00e2ncer em sua vida, sua comunidade e no mundo todo.<\/p>\n\n\n\n<div class=\"wp-block-button aligncenter\"><a class=\"wp-block-button__link has-background\" href=\"https:\/\/drive.google.com\/drive\/folders\/1W1HCHI770dHdfBCPVA_fd-ioLSWx3RLb?usp=sharing\" style=\"background-color:#ff7f4d\">Acesse<\/a><\/div>\n<\/div>\n<\/div>\n\n\n\n<div style=\"height:50px\" aria-hidden=\"true\" class=\"wp-block-spacer\"><\/div>\n\n\n\n<div class=\"is-layout-flex wp-container-9 wp-block-columns has-2-columns\">\n<div class=\"is-layout-flow wp-block-column\">\n<div class=\"wp-block-image\"><figure class=\"aligncenter\"><img decoding=\"async\" loading=\"lazy\" width=\"151\" height=\"200\" src=\"http:\/\/diamundialdocancer.femama.org.br\/2019\/wp-content\/uploads\/sites\/2\/2019\/01\/miniatura-posters-1.png\" alt=\"\" class=\"wp-image-308\"\/><\/figure><\/div>\n\n\n\n<p style=\"text-align:center\"><strong>P\u00f4steres<\/strong><\/p>\n\n\n\n<p style=\"text-align:center\">Baixe, imprima e fixe onde quiser os p\u00f4steres do Dia Mundial do C\u00e2ncer. Se desejar, insira a marca de sua organiza\u00e7\u00e3o.<\/p>\n\n\n\n<div class=\"wp-block-button aligncenter\"><a class=\"wp-block-button__link has-text-color has-very-light-gray-color has-background\" href=\"https:\/\/drive.google.com\/drive\/folders\/1JaQgvwF6e2BDHMfPe8nwL2EEmFOAQ3oP?usp=sharing\" style=\"background-color:#ff7f4d\">Acesse<\/a><\/div>\n<\/div>\n\n\n\n<div class=\"is-layout-flow wp-block-column\">\n<div class=\"wp-block-image\"><figure class=\"aligncenter\"><img decoding=\"async\" loading=\"lazy\" width=\"151\" height=\"200\" src=\"http:\/\/diamundialdocancer.femama.org.br\/2019\/wp-content\/uploads\/sites\/2\/2019\/01\/miniatura-social-media-1.png\" alt=\"\" class=\"wp-image-310\"\/><\/figure><\/div>\n\n\n\n<p style=\"text-align:center\"><strong>M\u00eddias&nbsp;Sociais<\/strong><\/p>\n\n\n\n<p style=\"text-align:center\">Compartilhe as mensagens da campanha de forma simples e pr\u00e1tica para envolver mais gente .<\/p>\n\n\n\n<div class=\"wp-block-button aligncenter\"><a class=\"wp-block-button__link has-text-color has-very-light-gray-color has-background\" href=\"https:\/\/drive.google.com\/open?id=1JyGyU-7sf1FW1gagRhNT-LONgI-eZmya\" style=\"background-color:#ff7f4d\">Acesse<\/a><\/div>\n<\/div>\n<\/div>\n\n\n\n<div style=\"height:50px\" aria-hidden=\"true\" class=\"wp-block-spacer\"><\/div>\n","protected":false},"excerpt":{"rendered":"<p>Consulte os materiais da campanha do Dia Mundial do C\u00e2ncer para compreender melhor o que est\u00e1 ao seu alcance para reduzir o impacto do c\u00e2ncer. Saiba como desenvolver atividades e divulgar aprendizados. Guias Saiba como organizar eventos, levantar recursos, se mobilizar e tirar proveito das m\u00eddias sociais para impulsionar a campanha. Kits de Ferramentas Encontre [&hellip;]<\/p>\n","protected":false},"author":1,"featured_media":0,"parent":87,"menu_order":0,"comment_status":"closed","ping_status":"closed","template":"","meta":[],"_links":{"self":[{"href":"https:\/\/diamundialdocancer.femama.org.br\/2019\/wp-json\/wp\/v2\/pages\/285"}],"collection":[{"href":"https:\/\/diamundialdocancer.femama.org.br\/2019\/wp-json\/wp\/v2\/pages"}],"about":[{"href":"https:\/\/diamundialdocancer.femama.org.br\/2019\/wp-json\/wp\/v2\/types\/page"}],"author":[{"embeddable":true,"href":"https:\/\/diamundialdocancer.femama.org.br\/2019\/wp-json\/wp\/v2\/users\/1"}],"replies":[{"embeddable":true,"href":"https:\/\/diamundialdocancer.femama.org.br\/2019\/wp-json\/wp\/v2\/comments?post=285"}],"version-history":[{"count":19,"href":"https:\/\/diamundialdocancer.femama.org.br\/2019\/wp-json\/wp\/v2\/pages\/285\/revisions"}],"predecessor-version":[{"id":567,"href":"https:\/\/diamundialdocancer.femama.org.br\/2019\/wp-json\/wp\/v2\/pages\/285\/revisions\/567"}],"up":[{"embeddable":true,"href":"https:\/\/diamundialdocancer.femama.org.br\/2019\/wp-json\/wp\/v2\/pages\/87"}],"wp:attachment":[{"href":"https:\/\/diamundialdocancer.femama.org.br\/2019\/wp-json\/wp\/v2\/media?parent=285"}],"curies":[{"name":"wp","href":"https:\/\/api.w.org\/{rel}","templated":true}]}}